{"id":2394,"date":"2025-02-26T23:16:16","date_gmt":"2025-02-26T23:16:16","guid":{"rendered":"https:\/\/fixarca.online\/?page_id=2394"},"modified":"2025-09-25T21:55:42","modified_gmt":"2025-09-25T21:55:42","slug":"pool-painting","status":"publish","type":"page","link":"https:\/\/fixar.ca\/en\/peinture-piscine\/","title":{"rendered":"Pool Finishing &amp; Aesthetic Upgrades"},"content":{"rendered":"<div data-elementor-type=\"wp-page\" data-elementor-id=\"2394\" class=\"elementor elementor-2394\">\n\t\t\t\t<div class=\"elementor-element elementor-element-899fd80 e-flex e-con-boxed e-con e-parent\" data-id=\"899fd80\" data-element_type=\"container\" data-e-type=\"container\">\n\t\t\t\t\t<div class=\"e-con-inner\">\n\t\t\t\t<div class=\"elementor-element elementor-element-70cf07a elementor-widget elementor-widget-heading\" data-id=\"70cf07a\" data-element_type=\"widget\" data-e-type=\"widget\" data-widget_type=\"heading.default\">\n\t\t\t\t<div class=\"elementor-widget-container\">\n\t\t\t\t\t<h2 class=\"elementor-heading-title elementor-size-default\">Pool Finishing and Aesthetic<br> Upgrades<\/h2>\t\t\t\t<\/div>\n\t\t\t\t<\/div>\n\t\t\t\t\t<\/div>\n\t\t\t\t<\/div>\n\t\t<div class=\"elementor-element elementor-element-c9de58c e-flex e-con-boxed e-con e-parent\" data-id=\"c9de58c\" data-element_type=\"container\" data-e-type=\"container\">\n\t\t\t\t\t<div class=\"e-con-inner\">\n\t\t<div class=\"elementor-element elementor-element-3a5cdb6 e-con-full e-flex e-con e-child\" data-id=\"3a5cdb6\" data-element_type=\"container\" data-e-type=\"container\">\n\t\t<div class=\"elementor-element elementor-element-0bb9950 e-con-full e-flex e-con e-child\" data-id=\"0bb9950\" data-element_type=\"container\" data-e-type=\"container\">\n\t\t\t\t<div class=\"elementor-element elementor-element-9e57275 elementor-widget elementor-widget-image\" data-id=\"9e57275\" data-element_type=\"widget\" data-e-type=\"widget\" data-widget_type=\"image.default\">\n\t\t\t\t<div class=\"elementor-widget-container\">\n\t\t\t\t\t\t\t\t\t\t\t\t\t\t\t<img fetchpriority=\"high\" decoding=\"async\" width=\"2517\" height=\"2560\" src=\"https:\/\/i0.wp.com\/fixar.ca\/wp-content\/uploads\/2025\/05\/photo_2025-03-22_20-29-59-1-scaled.jpg?fit=2517%2C2560&amp;ssl=1\" class=\"attachment-full size-full wp-image-2562\" alt=\"\" srcset=\"https:\/\/i0.wp.com\/fixar.ca\/wp-content\/uploads\/2025\/05\/photo_2025-03-22_20-29-59-1-scaled.jpg?w=2517&amp;ssl=1 2517w, https:\/\/i0.wp.com\/fixar.ca\/wp-content\/uploads\/2025\/05\/photo_2025-03-22_20-29-59-1-scaled.jpg?resize=295%2C300&amp;ssl=1 295w, https:\/\/i0.wp.com\/fixar.ca\/wp-content\/uploads\/2025\/05\/photo_2025-03-22_20-29-59-1-scaled.jpg?resize=1007%2C1024&amp;ssl=1 1007w, https:\/\/i0.wp.com\/fixar.ca\/wp-content\/uploads\/2025\/05\/photo_2025-03-22_20-29-59-1-scaled.jpg?resize=768%2C781&amp;ssl=1 768w, https:\/\/i0.wp.com\/fixar.ca\/wp-content\/uploads\/2025\/05\/photo_2025-03-22_20-29-59-1-scaled.jpg?resize=1510%2C1536&amp;ssl=1 1510w, https:\/\/i0.wp.com\/fixar.ca\/wp-content\/uploads\/2025\/05\/photo_2025-03-22_20-29-59-1-scaled.jpg?resize=2014%2C2048&amp;ssl=1 2014w, https:\/\/i0.wp.com\/fixar.ca\/wp-content\/uploads\/2025\/05\/photo_2025-03-22_20-29-59-1-scaled.jpg?resize=12%2C12&amp;ssl=1 12w, https:\/\/i0.wp.com\/fixar.ca\/wp-content\/uploads\/2025\/05\/photo_2025-03-22_20-29-59-1-scaled.jpg?w=2400&amp;ssl=1 2400w\" sizes=\"(max-width: 1200px) 100vw, 1200px\" \/>\t\t\t\t\t\t\t\t\t\t\t\t\t\t\t<\/div>\n\t\t\t\t<\/div>\n\t\t\t\t<\/div>\n\t\t<div class=\"elementor-element elementor-element-a906de7 e-con-full e-flex e-con e-child\" data-id=\"a906de7\" data-element_type=\"container\" data-e-type=\"container\">\n\t\t\t\t<div class=\"elementor-element elementor-element-99e1875 elementor-widget elementor-widget-heading\" data-id=\"99e1875\" data-element_type=\"widget\" data-e-type=\"widget\" data-widget_type=\"heading.default\">\n\t\t\t\t<div class=\"elementor-widget-container\">\n\t\t\t\t\t<h2 class=\"elementor-heading-title elementor-size-default\">Swimming Pool Tile Replacement\n<\/h2>\t\t\t\t<\/div>\n\t\t\t\t<\/div>\n\t\t\t\t<div class=\"elementor-element elementor-element-573b2ec elementor-widget elementor-widget-text-editor\" data-id=\"573b2ec\" data-element_type=\"widget\" data-e-type=\"widget\" data-widget_type=\"text-editor.default\">\n\t\t\t\t<div class=\"elementor-widget-container\">\n\t\t\t\t\t\t\t\t\t<p><strong data-start=\"0\" data-end=\"141\" data-is-only-node=\"\">Pool tile replacement is more than just swapping out damaged tiles\u2014it\u2019s about ensuring a durable, long-lasting finish.<\/strong> We start by carefully removing the old tiles and completely stripping the underlying leveling layer to eliminate weaknesses. A fresh, even layer is then applied to provide a solid foundation before securing the new tiles with high-quality adhesive. Once in place, we use strong, water-resistant grout to fill the spaces between tiles, ensuring a secure bond, preventing water infiltration, and maintaining a smooth, polished look. This meticulous process results in a watertight, beautifully finished pool that stands the test of time.<\/p>\t\t\t\t\t\t\t\t<\/div>\n\t\t\t\t<\/div>\n\t\t\t\t<\/div>\n\t\t\t\t<\/div>\n\t\t\t\t\t<\/div>\n\t\t\t\t<\/div>\n\t\t<div class=\"elementor-element elementor-element-4a981c7 e-flex e-con-boxed e-con e-parent\" data-id=\"4a981c7\" data-element_type=\"container\" data-e-type=\"container\">\n\t\t\t\t\t<div class=\"e-con-inner\">\n\t\t<div class=\"elementor-element elementor-element-e4b62e2 e-con-full e-flex e-con e-child\" data-id=\"e4b62e2\" data-element_type=\"container\" data-e-type=\"container\">\n\t\t<div class=\"elementor-element elementor-element-60d0b6e e-con-full e-flex e-con e-child\" data-id=\"60d0b6e\" data-element_type=\"container\" data-e-type=\"container\">\n\t\t\t\t<div class=\"elementor-element elementor-element-d19230a elementor-widget elementor-widget-image\" data-id=\"d19230a\" data-element_type=\"widget\" data-e-type=\"widget\" data-widget_type=\"image.default\">\n\t\t\t\t<div class=\"elementor-widget-container\">\n\t\t\t\t\t\t\t\t\t\t\t\t\t\t\t<img decoding=\"async\" width=\"1177\" height=\"754\" src=\"https:\/\/fixar.ca\/wp-content\/uploads\/2025\/02\/photo_2021-01-28_22-.svg\" class=\"attachment-full size-full wp-image-1658\" alt=\"\" srcset=\"\" \/>\t\t\t\t\t\t\t\t\t\t\t\t\t\t\t<\/div>\n\t\t\t\t<\/div>\n\t\t\t\t<\/div>\n\t\t<div class=\"elementor-element elementor-element-8cf3ec7 e-con-full e-flex e-con e-child\" data-id=\"8cf3ec7\" data-element_type=\"container\" data-e-type=\"container\">\n\t\t\t\t<div class=\"elementor-element elementor-element-a473c7f elementor-widget elementor-widget-heading\" data-id=\"a473c7f\" data-element_type=\"widget\" data-e-type=\"widget\" data-widget_type=\"heading.default\">\n\t\t\t\t<div class=\"elementor-widget-container\">\n\t\t\t\t\t<h2 class=\"elementor-heading-title elementor-size-default\">Sandblasting\n<\/h2>\t\t\t\t<\/div>\n\t\t\t\t<\/div>\n\t\t\t\t<div class=\"elementor-element elementor-element-2209381 elementor-widget elementor-widget-text-editor\" data-id=\"2209381\" data-element_type=\"widget\" data-e-type=\"widget\" data-widget_type=\"text-editor.default\">\n\t\t\t\t<div class=\"elementor-widget-container\">\n\t\t\t\t\t\t\t\t\t<p><strong data-start=\"0\" data-end=\"97\" data-is-only-node=\"\">Sandblasting is an effective method for removing old paint from your pool.<\/strong> Using high-pressure abrasive blasting, we strip away unwanted layers without damaging the underlying structure, creating a clean, even surface ready for refinishing. This process not only restores the pool\u2019s original look but also improves adhesion for new coatings, tiles, or waterproofing layers, ensuring a smooth and long-lasting finish.<\/p>\t\t\t\t\t\t\t\t<\/div>\n\t\t\t\t<\/div>\n\t\t\t\t<\/div>\n\t\t\t\t<\/div>\n\t\t\t\t\t<\/div>\n\t\t\t\t<\/div>\n\t\t<div class=\"elementor-element elementor-element-574ec5b e-flex e-con-boxed e-con e-parent\" data-id=\"574ec5b\" data-element_type=\"container\" data-e-type=\"container\">\n\t\t\t\t\t<div class=\"e-con-inner\">\n\t\t<div class=\"elementor-element elementor-element-5bb63ed e-con-full e-flex e-con e-child\" data-id=\"5bb63ed\" data-element_type=\"container\" data-e-type=\"container\">\n\t\t<div class=\"elementor-element elementor-element-fd0d4f6 e-con-full e-flex e-con e-child\" data-id=\"fd0d4f6\" data-element_type=\"container\" data-e-type=\"container\">\n\t\t\t\t<div class=\"elementor-element elementor-element-7ed637b elementor-widget elementor-widget-image\" data-id=\"7ed637b\" data-element_type=\"widget\" data-e-type=\"widget\" data-widget_type=\"image.default\">\n\t\t\t\t<div class=\"elementor-widget-container\">\n\t\t\t\t\t\t\t\t\t\t\t\t\t\t\t<img decoding=\"async\" width=\"600\" height=\"900\" src=\"https:\/\/i0.wp.com\/fixar.ca\/wp-content\/uploads\/2025\/02\/IMG_20230926_113711.jpg?fit=600%2C900&amp;ssl=1\" class=\"attachment-full size-full wp-image-2120\" alt=\"\" srcset=\"https:\/\/i0.wp.com\/fixar.ca\/wp-content\/uploads\/2025\/02\/IMG_20230926_113711.jpg?w=600&amp;ssl=1 600w, https:\/\/i0.wp.com\/fixar.ca\/wp-content\/uploads\/2025\/02\/IMG_20230926_113711.jpg?resize=200%2C300&amp;ssl=1 200w\" sizes=\"(max-width: 600px) 100vw, 600px\" \/>\t\t\t\t\t\t\t\t\t\t\t\t\t\t\t<\/div>\n\t\t\t\t<\/div>\n\t\t\t\t<\/div>\n\t\t<div class=\"elementor-element elementor-element-8629e80 e-con-full e-flex e-con e-child\" data-id=\"8629e80\" data-element_type=\"container\" data-e-type=\"container\">\n\t\t\t\t<div class=\"elementor-element elementor-element-034be3f elementor-widget elementor-widget-heading\" data-id=\"034be3f\" data-element_type=\"widget\" data-e-type=\"widget\" data-widget_type=\"heading.default\">\n\t\t\t\t<div class=\"elementor-widget-container\">\n\t\t\t\t\t<h2 class=\"elementor-heading-title elementor-size-default\">Pool Painting<\/h2>\t\t\t\t<\/div>\n\t\t\t\t<\/div>\n\t\t\t\t<div class=\"elementor-element elementor-element-29f8f75 elementor-widget elementor-widget-text-editor\" data-id=\"29f8f75\" data-element_type=\"widget\" data-e-type=\"widget\" data-widget_type=\"text-editor.default\">\n\t\t\t\t<div class=\"elementor-widget-container\">\n\t\t\t\t\t\t\t\t\t<p><strong data-start=\"0\" data-end=\"179\" data-is-only-node=\"\">Pool painting is a great way to refresh your pool\u2019s appearance while adding a protective layer against wear and chemical exposure.<\/strong> We offer acrylic, rubber-based, and epoxy coatings, each suited to different pool types and needs. Acrylic paint is a budget-friendly option that dries quickly, while rubber-based paint provides a flexible, waterproof seal. For maximum durability, epoxy paint offers a long-lasting, chemical-resistant finish. Before painting, we thoroughly clean and prep the surface to ensure proper adhesion, delivering a smooth, vibrant, and long-lasting result.<\/p>\t\t\t\t\t\t\t\t<\/div>\n\t\t\t\t<\/div>\n\t\t\t\t<\/div>\n\t\t\t\t<\/div>\n\t\t\t\t\t<\/div>\n\t\t\t\t<\/div>\n\t\t<div class=\"elementor-element elementor-element-c5bacd2 e-flex e-con-boxed e-con e-parent\" data-id=\"c5bacd2\" data-element_type=\"container\" data-e-type=\"container\">\n\t\t\t\t\t<div class=\"e-con-inner\">\n\t\t\t\t\t<\/div>\n\t\t\t\t<\/div>\n\t\t\t\t<\/div>","protected":false},"excerpt":{"rendered":"<p>Finition de piscine et am\u00e9liorations esth\u00e9tiques Remplacement du carrelage des tuiles Le remplacement du carrelage de piscine ne se limite pas \u00e0 changer des tuiles endommag\u00e9es\u2014il garantit une finition durable et r\u00e9sistante. Nous commen\u00e7ons par retirer soigneusement les anciens carreaux et par enlever enti\u00e8rement la couche de nivellement sous-jacente afin d\u2019\u00e9liminer toute faiblesse. Une nouvelle [&hellip;]<\/p>\n","protected":false},"author":1,"featured_media":0,"parent":0,"menu_order":0,"comment_status":"closed","ping_status":"closed","template":"","meta":{"nf_dc_page":"","_monsterinsights_skip_tracking":false,"_monsterinsights_sitenote_active":false,"_monsterinsights_sitenote_note":"","_monsterinsights_sitenote_category":0,"site-sidebar-layout":"no-sidebar","site-content-layout":"page-builder","ast-site-content-layout":"full-width-container","site-content-style":"default","site-sidebar-style":"default","ast-global-header-display":"","ast-banner-title-visibility":"","ast-main-header-display":"","ast-hfb-above-header-display":"","ast-hfb-below-header-display":"","ast-hfb-mobile-header-display":"","site-post-title":"disabled","ast-breadcrumbs-content":"","ast-featured-img":"disabled","footer-sml-layout":"","ast-disable-related-posts":"","theme-transparent-header-meta":"","adv-header-id-meta":"","stick-header-meta":"","header-above-stick-meta":"","header-main-stick-meta":"","header-below-stick-meta":"","astra-migrate-meta-layouts":"set","ast-page-background-enabled":"default","ast-page-background-meta":{"desktop":{"background-color":"var(--ast-global-color-4)","background-image":"","background-repeat":"repeat","background-position":"center center","background-size":"auto","background-attachment":"scroll","background-type":"","background-media":"","overlay-type":"","overlay-color":"","overlay-opacity":"","overlay-gradient":""},"tablet":{"background-color":"","background-image":"","background-repeat":"repeat","background-position":"center center","background-size":"auto","background-attachment":"scroll","background-type":"","background-media":"","overlay-type":"","overlay-color":"","overlay-opacity":"","overlay-gradient":""},"mobile":{"background-color":"","background-image":"","background-repeat":"repeat","background-position":"center center","background-size":"auto","background-attachment":"scroll","background-type":"","background-media":"","overlay-type":"","overlay-color":"","overlay-opacity":"","overlay-gradient":""}},"ast-content-background-meta":{"desktop":{"background-color":"var(--ast-global-color-5)","background-image":"","background-repeat":"repeat","background-position":"center center","background-size":"auto","background-attachment":"scroll","background-type":"","background-media":"","overlay-type":"","overlay-color":"","overlay-opacity":"","overlay-gradient":""},"tablet":{"background-color":"var(--ast-global-color-5)","background-image":"","background-repeat":"repeat","background-position":"center center","background-size":"auto","background-attachment":"scroll","background-type":"","background-media":"","overlay-type":"","overlay-color":"","overlay-opacity":"","overlay-gradient":""},"mobile":{"background-color":"var(--ast-global-color-5)","background-image":"","background-repeat":"repeat","background-position":"center center","background-size":"auto","background-attachment":"scroll","background-type":"","background-media":"","overlay-type":"","overlay-color":"","overlay-opacity":"","overlay-gradient":""}},"footnotes":""},"class_list":["post-2394","page","type-page","status-publish","hentry"],"jetpack_sharing_enabled":true,"_links":{"self":[{"href":"https:\/\/fixar.ca\/en\/wp-json\/wp\/v2\/pages\/2394","targetHints":{"allow":["GET"]}}],"collection":[{"href":"https:\/\/fixar.ca\/en\/wp-json\/wp\/v2\/pages"}],"about":[{"href":"https:\/\/fixar.ca\/en\/wp-json\/wp\/v2\/types\/page"}],"author":[{"embeddable":true,"href":"https:\/\/fixar.ca\/en\/wp-json\/wp\/v2\/users\/1"}],"replies":[{"embeddable":true,"href":"https:\/\/fixar.ca\/en\/wp-json\/wp\/v2\/comments?post=2394"}],"version-history":[{"count":21,"href":"https:\/\/fixar.ca\/en\/wp-json\/wp\/v2\/pages\/2394\/revisions"}],"predecessor-version":[{"id":2754,"href":"https:\/\/fixar.ca\/en\/wp-json\/wp\/v2\/pages\/2394\/revisions\/2754"}],"wp:attachment":[{"href":"https:\/\/fixar.ca\/en\/wp-json\/wp\/v2\/media?parent=2394"}],"curies":[{"name":"wp","href":"https:\/\/api.w.org\/{rel}","templated":true}]}}