{"id":2392,"date":"2025-02-26T23:15:42","date_gmt":"2025-02-26T23:15:42","guid":{"rendered":"https:\/\/fixarca.online\/?page_id=2392"},"modified":"2025-05-22T17:33:52","modified_gmt":"2025-05-22T17:33:52","slug":"pool-concrete-repair","status":"publish","type":"page","link":"https:\/\/fixar.ca\/en\/reparation-beton-piscine\/","title":{"rendered":"Pool Structural Restoration &amp; Resurfacing"},"content":{"rendered":"<div data-elementor-type=\"wp-page\" data-elementor-id=\"2392\" class=\"elementor elementor-2392\">\n\t\t\t\t<div class=\"elementor-element elementor-element-22fa68b e-flex e-con-boxed e-con e-parent\" data-id=\"22fa68b\" data-element_type=\"container\" data-e-type=\"container\">\n\t\t\t\t\t<div class=\"e-con-inner\">\n\t\t\t\t<div class=\"elementor-element elementor-element-df32010 elementor-widget elementor-widget-heading\" data-id=\"df32010\" data-element_type=\"widget\" data-e-type=\"widget\" data-widget_type=\"heading.default\">\n\t\t\t\t<div class=\"elementor-widget-container\">\n\t\t\t\t\t<h2 class=\"elementor-heading-title elementor-size-default\">Pool Structural<br>Restoration and Resurfacing<\/h2>\t\t\t\t<\/div>\n\t\t\t\t<\/div>\n\t\t\t\t\t<\/div>\n\t\t\t\t<\/div>\n\t\t<div class=\"elementor-element elementor-element-dacf781 e-flex e-con-boxed e-con e-parent\" data-id=\"dacf781\" data-element_type=\"container\" data-e-type=\"container\">\n\t\t\t\t\t<div class=\"e-con-inner\">\n\t\t<div class=\"elementor-element elementor-element-69e80c0 e-con-full e-flex e-con e-child\" data-id=\"69e80c0\" data-element_type=\"container\" data-e-type=\"container\">\n\t\t<div class=\"elementor-element elementor-element-edd8aa6 e-con-full e-flex e-con e-child\" data-id=\"edd8aa6\" data-element_type=\"container\" data-e-type=\"container\">\n\t\t\t\t<div class=\"elementor-element elementor-element-c466508 elementor-widget elementor-widget-image\" data-id=\"c466508\" data-element_type=\"widget\" data-e-type=\"widget\" data-widget_type=\"image.default\">\n\t\t\t\t<div class=\"elementor-widget-container\">\n\t\t\t\t\t\t\t\t\t\t\t\t\t\t\t<img fetchpriority=\"high\" decoding=\"async\" width=\"600\" height=\"900\" src=\"https:\/\/i0.wp.com\/fixar.ca\/wp-content\/uploads\/2025\/02\/thumbnail-6-1.jpg?fit=600%2C900&amp;ssl=1\" class=\"attachment-full size-full wp-image-2108\" alt=\"\" srcset=\"https:\/\/i0.wp.com\/fixar.ca\/wp-content\/uploads\/2025\/02\/thumbnail-6-1.jpg?w=600&amp;ssl=1 600w, https:\/\/i0.wp.com\/fixar.ca\/wp-content\/uploads\/2025\/02\/thumbnail-6-1.jpg?resize=200%2C300&amp;ssl=1 200w\" sizes=\"(max-width: 600px) 100vw, 600px\" \/>\t\t\t\t\t\t\t\t\t\t\t\t\t\t\t<\/div>\n\t\t\t\t<\/div>\n\t\t\t\t<\/div>\n\t\t<div class=\"elementor-element elementor-element-ed36718 e-con-full e-flex e-con e-child\" data-id=\"ed36718\" data-element_type=\"container\" data-e-type=\"container\">\n\t\t\t\t<div class=\"elementor-element elementor-element-0688365 elementor-widget elementor-widget-heading\" data-id=\"0688365\" data-element_type=\"widget\" data-e-type=\"widget\" data-widget_type=\"heading.default\">\n\t\t\t\t<div class=\"elementor-widget-container\">\n\t\t\t\t\t<h2 class=\"elementor-heading-title elementor-size-default\">Crack Repairs<\/h2>\t\t\t\t<\/div>\n\t\t\t\t<\/div>\n\t\t\t\t<div class=\"elementor-element elementor-element-afc1aa8 elementor-widget elementor-widget-text-editor\" data-id=\"afc1aa8\" data-element_type=\"widget\" data-e-type=\"widget\" data-widget_type=\"text-editor.default\">\n\t\t\t\t<div class=\"elementor-widget-container\">\n\t\t\t\t\t\t\t\t\t<p><strong data-start=\"0\" data-end=\"147\" data-is-only-node=\"\">Cracks in a pool can lead to leaks, structural damage, and costly water loss if left untreated.<\/strong> We assess the severity of the damage and use specialized repair techniques to seal cracks securely, preventing further deterioration. Whether it\u2019s a minor surface crack or a deeper structural issue, we ensure a durable, long-lasting repair that keeps your pool watertight and in top condition.<\/p>\t\t\t\t\t\t\t\t<\/div>\n\t\t\t\t<\/div>\n\t\t\t\t<\/div>\n\t\t\t\t<\/div>\n\t\t\t\t\t<\/div>\n\t\t\t\t<\/div>\n\t\t<div class=\"elementor-element elementor-element-e024870 e-flex e-con-boxed e-con e-parent\" data-id=\"e024870\" data-element_type=\"container\" data-e-type=\"container\">\n\t\t\t\t\t<div class=\"e-con-inner\">\n\t\t<div class=\"elementor-element elementor-element-714ba31 e-con-full e-flex e-con e-child\" data-id=\"714ba31\" data-element_type=\"container\" data-e-type=\"container\">\n\t\t<div class=\"elementor-element elementor-element-a712b65 e-con-full e-flex e-con e-child\" data-id=\"a712b65\" data-element_type=\"container\" data-e-type=\"container\">\n\t\t\t\t<div class=\"elementor-element elementor-element-99d6fe9 elementor-widget elementor-widget-image\" data-id=\"99d6fe9\" data-element_type=\"widget\" data-e-type=\"widget\" data-widget_type=\"image.default\">\n\t\t\t\t<div class=\"elementor-widget-container\">\n\t\t\t\t\t\t\t\t\t\t\t\t\t\t\t<img decoding=\"async\" width=\"380\" height=\"638\" src=\"https:\/\/i0.wp.com\/fixar.ca\/wp-content\/uploads\/2025\/02\/Screenshot_17.png?fit=380%2C638&amp;ssl=1\" class=\"attachment-full size-full wp-image-2104\" alt=\"\" srcset=\"https:\/\/i0.wp.com\/fixar.ca\/wp-content\/uploads\/2025\/02\/Screenshot_17.png?w=380&amp;ssl=1 380w, https:\/\/i0.wp.com\/fixar.ca\/wp-content\/uploads\/2025\/02\/Screenshot_17.png?resize=179%2C300&amp;ssl=1 179w\" sizes=\"(max-width: 380px) 100vw, 380px\" \/>\t\t\t\t\t\t\t\t\t\t\t\t\t\t\t<\/div>\n\t\t\t\t<\/div>\n\t\t\t\t<\/div>\n\t\t<div class=\"elementor-element elementor-element-c34bb5f e-con-full e-flex e-con e-child\" data-id=\"c34bb5f\" data-element_type=\"container\" data-e-type=\"container\">\n\t\t\t\t<div class=\"elementor-element elementor-element-1230f49 elementor-widget elementor-widget-heading\" data-id=\"1230f49\" data-element_type=\"widget\" data-e-type=\"widget\" data-widget_type=\"heading.default\">\n\t\t\t\t<div class=\"elementor-widget-container\">\n\t\t\t\t\t<h2 class=\"elementor-heading-title elementor-size-default\">Structural reinforcement\n<\/h2>\t\t\t\t<\/div>\n\t\t\t\t<\/div>\n\t\t\t\t<div class=\"elementor-element elementor-element-63bcb36 elementor-widget elementor-widget-text-editor\" data-id=\"63bcb36\" data-element_type=\"widget\" data-e-type=\"widget\" data-widget_type=\"text-editor.default\">\n\t\t\t\t<div class=\"elementor-widget-container\">\n\t\t\t\t\t\t\t\t\t<p><strong data-start=\"0\" data-end=\"175\" data-is-only-node=\"\">Over time, pools can develop structural weaknesses due to shifting ground, hydrostatic pressure, or aging materials.<\/strong> Our structural reinforcement service strengthens weakened areas to prevent further damage and extend the life of your pool. Using proven reinforcement techniques, we stabilize the structure, improve durability, and ensure your pool remains safe and resilient for years to come.<\/p>\t\t\t\t\t\t\t\t<\/div>\n\t\t\t\t<\/div>\n\t\t\t\t<\/div>\n\t\t\t\t<\/div>\n\t\t\t\t\t<\/div>\n\t\t\t\t<\/div>\n\t\t<div class=\"elementor-element elementor-element-483f01e e-flex e-con-boxed e-con e-parent\" data-id=\"483f01e\" data-element_type=\"container\" data-e-type=\"container\">\n\t\t\t\t\t<div class=\"e-con-inner\">\n\t\t<div class=\"elementor-element elementor-element-df16c26 e-con-full e-flex e-con e-child\" data-id=\"df16c26\" data-element_type=\"container\" data-e-type=\"container\">\n\t\t<div class=\"elementor-element elementor-element-268cbee e-con-full e-flex e-con e-child\" data-id=\"268cbee\" data-element_type=\"container\" data-e-type=\"container\">\n\t\t\t\t<div class=\"elementor-element elementor-element-0f3ed7e elementor-widget elementor-widget-image\" data-id=\"0f3ed7e\" data-element_type=\"widget\" data-e-type=\"widget\" data-widget_type=\"image.default\">\n\t\t\t\t<div class=\"elementor-widget-container\">\n\t\t\t\t\t\t\t\t\t\t\t\t\t\t\t<img decoding=\"async\" width=\"2560\" height=\"1920\" src=\"https:\/\/i0.wp.com\/fixar.ca\/wp-content\/uploads\/2025\/02\/IMG_20230918_161339-scaled.jpg?fit=2560%2C1920&amp;ssl=1\" class=\"attachment-full size-full wp-image-2114\" alt=\"\" srcset=\"https:\/\/i0.wp.com\/fixar.ca\/wp-content\/uploads\/2025\/02\/IMG_20230918_161339-scaled.jpg?w=2560&amp;ssl=1 2560w, https:\/\/i0.wp.com\/fixar.ca\/wp-content\/uploads\/2025\/02\/IMG_20230918_161339-scaled.jpg?resize=300%2C225&amp;ssl=1 300w, https:\/\/i0.wp.com\/fixar.ca\/wp-content\/uploads\/2025\/02\/IMG_20230918_161339-scaled.jpg?resize=1024%2C768&amp;ssl=1 1024w, https:\/\/i0.wp.com\/fixar.ca\/wp-content\/uploads\/2025\/02\/IMG_20230918_161339-scaled.jpg?resize=768%2C576&amp;ssl=1 768w, https:\/\/i0.wp.com\/fixar.ca\/wp-content\/uploads\/2025\/02\/IMG_20230918_161339-scaled.jpg?resize=1536%2C1152&amp;ssl=1 1536w, https:\/\/i0.wp.com\/fixar.ca\/wp-content\/uploads\/2025\/02\/IMG_20230918_161339-scaled.jpg?resize=2048%2C1536&amp;ssl=1 2048w\" sizes=\"(max-width: 1000px) 100vw, 1000px\" \/>\t\t\t\t\t\t\t\t\t\t\t\t\t\t\t<\/div>\n\t\t\t\t<\/div>\n\t\t\t\t<\/div>\n\t\t<div class=\"elementor-element elementor-element-9f8a396 e-con-full e-flex e-con e-child\" data-id=\"9f8a396\" data-element_type=\"container\" data-e-type=\"container\">\n\t\t\t\t<div class=\"elementor-element elementor-element-60210de elementor-widget elementor-widget-heading\" data-id=\"60210de\" data-element_type=\"widget\" data-e-type=\"widget\" data-widget_type=\"heading.default\">\n\t\t\t\t<div class=\"elementor-widget-container\">\n\t\t\t\t\t<h2 class=\"elementor-heading-title elementor-size-default\">Application of a waterproofing layer\n<\/h2>\t\t\t\t<\/div>\n\t\t\t\t<\/div>\n\t\t\t\t<div class=\"elementor-element elementor-element-491d956 elementor-widget elementor-widget-text-editor\" data-id=\"491d956\" data-element_type=\"widget\" data-e-type=\"widget\" data-widget_type=\"text-editor.default\">\n\t\t\t\t<div class=\"elementor-widget-container\">\n\t\t\t\t\t\t\t\t\t<p><strong>Applying a waterproofing layer is a crucial step in protecting your pool from leaks and structural damage.<\/strong> We use high-quality waterproof coatings designed to seal porous surfaces, enhance durability, and prevent water infiltration. Whether as part of a repair or a preventative measure, this layer helps maintain a watertight structure, extending the life of your pool while reducing maintenance and repair costs.<\/p>\t\t\t\t\t\t\t\t<\/div>\n\t\t\t\t<\/div>\n\t\t\t\t<\/div>\n\t\t\t\t<\/div>\n\t\t\t\t\t<\/div>\n\t\t\t\t<\/div>\n\t\t<div class=\"elementor-element elementor-element-9bf0ee2 e-flex e-con-boxed e-con e-parent\" data-id=\"9bf0ee2\" data-element_type=\"container\" data-e-type=\"container\">\n\t\t\t\t\t<div class=\"e-con-inner\">\n\t\t<div class=\"elementor-element elementor-element-dd2e75b e-con-full e-flex e-con e-child\" data-id=\"dd2e75b\" data-element_type=\"container\" data-e-type=\"container\">\n\t\t<div class=\"elementor-element elementor-element-99ffbd6 e-con-full e-flex e-con e-child\" data-id=\"99ffbd6\" data-element_type=\"container\" data-e-type=\"container\">\n\t\t\t\t<div class=\"elementor-element elementor-element-d00b272 elementor-widget elementor-widget-image\" data-id=\"d00b272\" data-element_type=\"widget\" data-e-type=\"widget\" data-widget_type=\"image.default\">\n\t\t\t\t<div class=\"elementor-widget-container\">\n\t\t\t\t\t\t\t\t\t\t\t\t\t\t\t<img loading=\"lazy\" decoding=\"async\" width=\"600\" height=\"900\" src=\"https:\/\/i0.wp.com\/fixar.ca\/wp-content\/uploads\/2025\/02\/Screenshot_12_Nero_AI_Image_Upscaler_Photo_Face.jpg?fit=600%2C900&amp;ssl=1\" class=\"attachment-full size-full wp-image-2116\" alt=\"\" srcset=\"https:\/\/i0.wp.com\/fixar.ca\/wp-content\/uploads\/2025\/02\/Screenshot_12_Nero_AI_Image_Upscaler_Photo_Face.jpg?w=600&amp;ssl=1 600w, https:\/\/i0.wp.com\/fixar.ca\/wp-content\/uploads\/2025\/02\/Screenshot_12_Nero_AI_Image_Upscaler_Photo_Face.jpg?resize=200%2C300&amp;ssl=1 200w\" sizes=\"(max-width: 600px) 100vw, 600px\" \/>\t\t\t\t\t\t\t\t\t\t\t\t\t\t\t<\/div>\n\t\t\t\t<\/div>\n\t\t\t\t<\/div>\n\t\t<div class=\"elementor-element elementor-element-3656eef e-con-full e-flex e-con e-child\" data-id=\"3656eef\" data-element_type=\"container\" data-e-type=\"container\">\n\t\t\t\t<div class=\"elementor-element elementor-element-2286878 elementor-widget elementor-widget-heading\" data-id=\"2286878\" data-element_type=\"widget\" data-e-type=\"widget\" data-widget_type=\"heading.default\">\n\t\t\t\t<div class=\"elementor-widget-container\">\n\t\t\t\t\t<h2 class=\"elementor-heading-title elementor-size-default\">Leveling and smoothing of uneven surfaces<\/h2>\t\t\t\t<\/div>\n\t\t\t\t<\/div>\n\t\t\t\t<div class=\"elementor-element elementor-element-ad515b7 elementor-widget elementor-widget-text-editor\" data-id=\"ad515b7\" data-element_type=\"widget\" data-e-type=\"widget\" data-widget_type=\"text-editor.default\">\n\t\t\t\t<div class=\"elementor-widget-container\">\n\t\t\t\t\t\t\t\t\t<p><strong data-start=\"0\" data-end=\"149\" data-is-only-node=\"\">Our leveling and smoothing service restores a uniform, stable foundation by addressing rough patches, dips, or irregularities.<\/strong> Using specialized techniques, we ensure a smooth, even surface that enhances durability, improves aesthetics, and provides a safer, more comfortable swimming experience.<\/p>\t\t\t\t\t\t\t\t<\/div>\n\t\t\t\t<\/div>\n\t\t\t\t<\/div>\n\t\t\t\t<\/div>\n\t\t\t\t\t<\/div>\n\t\t\t\t<\/div>\n\t\t<div class=\"elementor-element elementor-element-3c64d9f e-flex e-con-boxed e-con e-parent\" data-id=\"3c64d9f\" data-element_type=\"container\" data-e-type=\"container\">\n\t\t\t\t\t<div class=\"e-con-inner\">\n\t\t\t\t\t<\/div>\n\t\t\t\t<\/div>\n\t\t\t\t<\/div>","protected":false},"excerpt":{"rendered":"<p>Restauration structurelleet resurfa\u00e7age de piscine R\u00e9paration des fissures Les fissures dans une piscine peuvent entra\u00eener des fuites, des dommages structurels et une perte d\u2019eau co\u00fbteuse si elles ne sont pas r\u00e9par\u00e9es. Nous \u00e9valuons la gravit\u00e9 des dommages et utilisons des techniques de r\u00e9paration sp\u00e9cialis\u00e9es pour sceller les fissures de fa\u00e7on s\u00e9curitaire, emp\u00eachant ainsi toute d\u00e9t\u00e9rioration [&hellip;]<\/p>\n","protected":false},"author":1,"featured_media":0,"parent":0,"menu_order":0,"comment_status":"closed","ping_status":"closed","template":"","meta":{"nf_dc_page":"","_monsterinsights_skip_tracking":false,"_monsterinsights_sitenote_active":false,"_monsterinsights_sitenote_note":"","_monsterinsights_sitenote_category":0,"site-sidebar-layout":"no-sidebar","site-content-layout":"page-builder","ast-site-content-layout":"full-width-container","site-content-style":"default","site-sidebar-style":"default","ast-global-header-display":"","ast-banner-title-visibility":"","ast-main-header-display":"","ast-hfb-above-header-display":"","ast-hfb-below-header-display":"","ast-hfb-mobile-header-display":"","site-post-title":"disabled","ast-breadcrumbs-content":"","ast-featured-img":"disabled","footer-sml-layout":"","ast-disable-related-posts":"","theme-transparent-header-meta":"","adv-header-id-meta":"","stick-header-meta":"","header-above-stick-meta":"","header-main-stick-meta":"","header-below-stick-meta":"","astra-migrate-meta-layouts":"set","ast-page-background-enabled":"default","ast-page-background-meta":{"desktop":{"background-color":"var(--ast-global-color-4)","background-image":"","background-repeat":"repeat","background-position":"center center","background-size":"auto","background-attachment":"scroll","background-type":"","background-media":"","overlay-type":"","overlay-color":"","overlay-opacity":"","overlay-gradient":""},"tablet":{"background-color":"","background-image":"","background-repeat":"repeat","background-position":"center center","background-size":"auto","background-attachment":"scroll","background-type":"","background-media":"","overlay-type":"","overlay-color":"","overlay-opacity":"","overlay-gradient":""},"mobile":{"background-color":"","background-image":"","background-repeat":"repeat","background-position":"center center","background-size":"auto","background-attachment":"scroll","background-type":"","background-media":"","overlay-type":"","overlay-color":"","overlay-opacity":"","overlay-gradient":""}},"ast-content-background-meta":{"desktop":{"background-color":"var(--ast-global-color-5)","background-image":"","background-repeat":"repeat","background-position":"center center","background-size":"auto","background-attachment":"scroll","background-type":"","background-media":"","overlay-type":"","overlay-color":"","overlay-opacity":"","overlay-gradient":""},"tablet":{"background-color":"var(--ast-global-color-5)","background-image":"","background-repeat":"repeat","background-position":"center center","background-size":"auto","background-attachment":"scroll","background-type":"","background-media":"","overlay-type":"","overlay-color":"","overlay-opacity":"","overlay-gradient":""},"mobile":{"background-color":"var(--ast-global-color-5)","background-image":"","background-repeat":"repeat","background-position":"center center","background-size":"auto","background-attachment":"scroll","background-type":"","background-media":"","overlay-type":"","overlay-color":"","overlay-opacity":"","overlay-gradient":""}},"footnotes":""},"class_list":["post-2392","page","type-page","status-publish","hentry"],"jetpack_sharing_enabled":true,"_links":{"self":[{"href":"https:\/\/fixar.ca\/en\/wp-json\/wp\/v2\/pages\/2392","targetHints":{"allow":["GET"]}}],"collection":[{"href":"https:\/\/fixar.ca\/en\/wp-json\/wp\/v2\/pages"}],"about":[{"href":"https:\/\/fixar.ca\/en\/wp-json\/wp\/v2\/types\/page"}],"author":[{"embeddable":true,"href":"https:\/\/fixar.ca\/en\/wp-json\/wp\/v2\/users\/1"}],"replies":[{"embeddable":true,"href":"https:\/\/fixar.ca\/en\/wp-json\/wp\/v2\/comments?post=2392"}],"version-history":[{"count":20,"href":"https:\/\/fixar.ca\/en\/wp-json\/wp\/v2\/pages\/2392\/revisions"}],"predecessor-version":[{"id":2666,"href":"https:\/\/fixar.ca\/en\/wp-json\/wp\/v2\/pages\/2392\/revisions\/2666"}],"wp:attachment":[{"href":"https:\/\/fixar.ca\/en\/wp-json\/wp\/v2\/media?parent=2392"}],"curies":[{"name":"wp","href":"https:\/\/api.w.org\/{rel}","templated":true}]}}