{"id":2390,"date":"2025-02-26T23:15:19","date_gmt":"2025-02-26T23:15:19","guid":{"rendered":"https:\/\/fixarca.online\/?page_id=2390"},"modified":"2025-05-22T17:16:10","modified_gmt":"2025-05-22T17:16:10","slug":"pool-plumbing-repair","status":"publish","type":"page","link":"https:\/\/fixar.ca\/en\/reparation-plomberie-piscine\/","title":{"rendered":"Plumbing &amp; Filtration Upgrades"},"content":{"rendered":"<div data-elementor-type=\"wp-page\" data-elementor-id=\"2390\" class=\"elementor elementor-2390\">\n\t\t\t\t<div class=\"elementor-element elementor-element-680814f e-flex e-con-boxed e-con e-parent\" data-id=\"680814f\" data-element_type=\"container\" data-e-type=\"container\">\n\t\t\t\t\t<div class=\"e-con-inner\">\n\t\t\t\t<div class=\"elementor-element elementor-element-e9c9937 elementor-widget elementor-widget-heading\" data-id=\"e9c9937\" data-element_type=\"widget\" data-e-type=\"widget\" data-widget_type=\"heading.default\">\n\t\t\t\t<div class=\"elementor-widget-container\">\n\t\t\t\t\t<h2 class=\"elementor-heading-title elementor-size-default\">Plumbing and Filtration<br> Upgrade<\/h2>\t\t\t\t<\/div>\n\t\t\t\t<\/div>\n\t\t\t\t\t<\/div>\n\t\t\t\t<\/div>\n\t\t<div class=\"elementor-element elementor-element-1250ce7 e-flex e-con-boxed e-con e-parent\" data-id=\"1250ce7\" data-element_type=\"container\" data-e-type=\"container\">\n\t\t\t\t\t<div class=\"e-con-inner\">\n\t\t<div class=\"elementor-element elementor-element-78e5193 e-con-full e-flex e-con e-child\" data-id=\"78e5193\" data-element_type=\"container\" data-e-type=\"container\">\n\t\t<div class=\"elementor-element elementor-element-87981a1 e-con-full e-flex e-con e-child\" data-id=\"87981a1\" data-element_type=\"container\" data-e-type=\"container\">\n\t\t\t\t<div class=\"elementor-element elementor-element-109073d elementor-widget elementor-widget-image\" data-id=\"109073d\" data-element_type=\"widget\" data-e-type=\"widget\" data-widget_type=\"image.default\">\n\t\t\t\t<div class=\"elementor-widget-container\">\n\t\t\t\t\t\t\t\t\t\t\t\t\t\t\t<img fetchpriority=\"high\" decoding=\"async\" width=\"1920\" height=\"2560\" src=\"https:\/\/i0.wp.com\/fixar.ca\/wp-content\/uploads\/2025\/02\/IMG_20220420_192324-scaled.jpg?fit=1920%2C2560&amp;ssl=1\" class=\"attachment-full size-full wp-image-2101\" alt=\"\" srcset=\"https:\/\/i0.wp.com\/fixar.ca\/wp-content\/uploads\/2025\/02\/IMG_20220420_192324-scaled.jpg?w=1920&amp;ssl=1 1920w, https:\/\/i0.wp.com\/fixar.ca\/wp-content\/uploads\/2025\/02\/IMG_20220420_192324-scaled.jpg?resize=225%2C300&amp;ssl=1 225w, https:\/\/i0.wp.com\/fixar.ca\/wp-content\/uploads\/2025\/02\/IMG_20220420_192324-scaled.jpg?resize=768%2C1024&amp;ssl=1 768w, https:\/\/i0.wp.com\/fixar.ca\/wp-content\/uploads\/2025\/02\/IMG_20220420_192324-scaled.jpg?resize=1152%2C1536&amp;ssl=1 1152w, https:\/\/i0.wp.com\/fixar.ca\/wp-content\/uploads\/2025\/02\/IMG_20220420_192324-scaled.jpg?resize=1536%2C2048&amp;ssl=1 1536w\" sizes=\"(max-width: 1200px) 100vw, 1200px\" \/>\t\t\t\t\t\t\t\t\t\t\t\t\t\t\t<\/div>\n\t\t\t\t<\/div>\n\t\t\t\t<\/div>\n\t\t<div class=\"elementor-element elementor-element-0be86f3 e-con-full e-flex e-con e-child\" data-id=\"0be86f3\" data-element_type=\"container\" data-e-type=\"container\">\n\t\t\t\t<div class=\"elementor-element elementor-element-54a9c89 elementor-widget elementor-widget-heading\" data-id=\"54a9c89\" data-element_type=\"widget\" data-e-type=\"widget\" data-widget_type=\"heading.default\">\n\t\t\t\t<div class=\"elementor-widget-container\">\n\t\t\t\t\t<h2 class=\"elementor-heading-title elementor-size-default\">Pool Plumbing Replacement<\/h2>\t\t\t\t<\/div>\n\t\t\t\t<\/div>\n\t\t\t\t<div class=\"elementor-element elementor-element-f5c4e15 elementor-widget elementor-widget-text-editor\" data-id=\"f5c4e15\" data-element_type=\"widget\" data-e-type=\"widget\" data-widget_type=\"text-editor.default\">\n\t\t\t\t<div class=\"elementor-widget-container\">\n\t\t\t\t\t\t\t\t\t<p><strong data-start=\"0\" data-end=\"170\" data-is-only-node=\"\">Leaks in pool plumbing can be difficult to pinpoint, which is why we often replace the entire line to ensure a long-lasting solution.<\/strong> By removing the damaged section and installing a new, high-quality pipe, we eliminate hidden leaks and restore proper water flow. Our careful approach ensures a secure, efficient plumbing system that keeps your pool running smoothly for years to come.<\/p>\t\t\t\t\t\t\t\t<\/div>\n\t\t\t\t<\/div>\n\t\t\t\t<\/div>\n\t\t\t\t<\/div>\n\t\t\t\t\t<\/div>\n\t\t\t\t<\/div>\n\t\t<div class=\"elementor-element elementor-element-c1f3f54 e-flex e-con-boxed e-con e-parent\" data-id=\"c1f3f54\" data-element_type=\"container\" data-e-type=\"container\">\n\t\t\t\t\t<div class=\"e-con-inner\">\n\t\t<div class=\"elementor-element elementor-element-6b66204 e-con-full e-flex e-con e-child\" data-id=\"6b66204\" data-element_type=\"container\" data-e-type=\"container\">\n\t\t<div class=\"elementor-element elementor-element-4f3b2a3 e-con-full e-flex e-con e-child\" data-id=\"4f3b2a3\" data-element_type=\"container\" data-e-type=\"container\">\n\t\t\t\t<div class=\"elementor-element elementor-element-6e1eca3 elementor-widget elementor-widget-image\" data-id=\"6e1eca3\" data-element_type=\"widget\" data-e-type=\"widget\" data-widget_type=\"image.default\">\n\t\t\t\t<div class=\"elementor-widget-container\">\n\t\t\t\t\t\t\t\t\t\t\t\t\t\t\t<img decoding=\"async\" width=\"1080\" height=\"1440\" src=\"https:\/\/i0.wp.com\/fixar.ca\/wp-content\/uploads\/2025\/02\/IMG_20250128_185329.jpg?fit=1080%2C1440&amp;ssl=1\" class=\"attachment-full size-full wp-image-2102\" alt=\"\" srcset=\"https:\/\/i0.wp.com\/fixar.ca\/wp-content\/uploads\/2025\/02\/IMG_20250128_185329.jpg?w=1080&amp;ssl=1 1080w, https:\/\/i0.wp.com\/fixar.ca\/wp-content\/uploads\/2025\/02\/IMG_20250128_185329.jpg?resize=225%2C300&amp;ssl=1 225w, https:\/\/i0.wp.com\/fixar.ca\/wp-content\/uploads\/2025\/02\/IMG_20250128_185329.jpg?resize=768%2C1024&amp;ssl=1 768w\" sizes=\"(max-width: 1080px) 100vw, 1080px\" \/>\t\t\t\t\t\t\t\t\t\t\t\t\t\t\t<\/div>\n\t\t\t\t<\/div>\n\t\t\t\t<\/div>\n\t\t<div class=\"elementor-element elementor-element-f932a7b e-con-full e-flex e-con e-child\" data-id=\"f932a7b\" data-element_type=\"container\" data-e-type=\"container\">\n\t\t\t\t<div class=\"elementor-element elementor-element-8ffd3a3 elementor-widget elementor-widget-heading\" data-id=\"8ffd3a3\" data-element_type=\"widget\" data-e-type=\"widget\" data-widget_type=\"heading.default\">\n\t\t\t\t<div class=\"elementor-widget-container\">\n\t\t\t\t\t<h2 class=\"elementor-heading-title elementor-size-default\">Filtration System Upgrades, Repair and Replacement<\/h2>\t\t\t\t<\/div>\n\t\t\t\t<\/div>\n\t\t\t\t<div class=\"elementor-element elementor-element-92467bc elementor-widget elementor-widget-text-editor\" data-id=\"92467bc\" data-element_type=\"widget\" data-e-type=\"widget\" data-widget_type=\"text-editor.default\">\n\t\t\t\t<div class=\"elementor-widget-container\">\n\t\t\t\t\t\t\t\t\t<p><strong data-start=\"0\" data-end=\"89\" data-is-only-node=\"\">A well-functioning filtration system is essential for clean, clear water.<\/strong> Whether your system needs repairs, a full replacement, or an upgrade to a more efficient model, we provide tailored solutions to improve performance and water quality. We assess your current setup, replace worn-out components, and install high-quality equipment that enhance circulation and reduce maintenance. With a properly functioning filtration system, your pool stays healthier and easier to maintain.<\/p>\t\t\t\t\t\t\t\t<\/div>\n\t\t\t\t<\/div>\n\t\t\t\t<\/div>\n\t\t\t\t<\/div>\n\t\t\t\t\t<\/div>\n\t\t\t\t<\/div>\n\t\t<div class=\"elementor-element elementor-element-dfc873a e-flex e-con-boxed e-con e-parent\" data-id=\"dfc873a\" data-element_type=\"container\" data-e-type=\"container\">\n\t\t\t\t\t<div class=\"e-con-inner\">\n\t\t\t\t\t<\/div>\n\t\t\t\t<\/div>\n\t\t\t\t<\/div>","protected":false},"excerpt":{"rendered":"<p>Mises \u00e0 niveau de la plomberie et de la filtration Remplacement de la plomberie de piscine Les fuites dans la plomberie de piscine peuvent \u00eatre difficiles \u00e0 localiser, c\u2019est pourquoi nous rempla\u00e7ons souvent toute la ligne pour garantir une solution durable. En retirant la section endommag\u00e9e et en installant un nouveau tuyau de haute qualit\u00e9, [&hellip;]<\/p>\n","protected":false},"author":1,"featured_media":0,"parent":0,"menu_order":0,"comment_status":"closed","ping_status":"closed","template":"","meta":{"nf_dc_page":"","_monsterinsights_skip_tracking":false,"_monsterinsights_sitenote_active":false,"_monsterinsights_sitenote_note":"","_monsterinsights_sitenote_category":0,"site-sidebar-layout":"no-sidebar","site-content-layout":"page-builder","ast-site-content-layout":"full-width-container","site-content-style":"default","site-sidebar-style":"default","ast-global-header-display":"","ast-banner-title-visibility":"","ast-main-header-display":"","ast-hfb-above-header-display":"","ast-hfb-below-header-display":"","ast-hfb-mobile-header-display":"","site-post-title":"disabled","ast-breadcrumbs-content":"","ast-featured-img":"disabled","footer-sml-layout":"","ast-disable-related-posts":"","theme-transparent-header-meta":"","adv-header-id-meta":"","stick-header-meta":"","header-above-stick-meta":"","header-main-stick-meta":"","header-below-stick-meta":"","astra-migrate-meta-layouts":"set","ast-page-background-enabled":"default","ast-page-background-meta":{"desktop":{"background-color":"var(--ast-global-color-4)","background-image":"","background-repeat":"repeat","background-position":"center center","background-size":"auto","background-attachment":"scroll","background-type":"","background-media":"","overlay-type":"","overlay-color":"","overlay-opacity":"","overlay-gradient":""},"tablet":{"background-color":"","background-image":"","background-repeat":"repeat","background-position":"center center","background-size":"auto","background-attachment":"scroll","background-type":"","background-media":"","overlay-type":"","overlay-color":"","overlay-opacity":"","overlay-gradient":""},"mobile":{"background-color":"","background-image":"","background-repeat":"repeat","background-position":"center center","background-size":"auto","background-attachment":"scroll","background-type":"","background-media":"","overlay-type":"","overlay-color":"","overlay-opacity":"","overlay-gradient":""}},"ast-content-background-meta":{"desktop":{"background-color":"var(--ast-global-color-5)","background-image":"","background-repeat":"repeat","background-position":"center center","background-size":"auto","background-attachment":"scroll","background-type":"","background-media":"","overlay-type":"","overlay-color":"","overlay-opacity":"","overlay-gradient":""},"tablet":{"background-color":"var(--ast-global-color-5)","background-image":"","background-repeat":"repeat","background-position":"center center","background-size":"auto","background-attachment":"scroll","background-type":"","background-media":"","overlay-type":"","overlay-color":"","overlay-opacity":"","overlay-gradient":""},"mobile":{"background-color":"var(--ast-global-color-5)","background-image":"","background-repeat":"repeat","background-position":"center center","background-size":"auto","background-attachment":"scroll","background-type":"","background-media":"","overlay-type":"","overlay-color":"","overlay-opacity":"","overlay-gradient":""}},"footnotes":""},"class_list":["post-2390","page","type-page","status-publish","hentry"],"jetpack_sharing_enabled":true,"_links":{"self":[{"href":"https:\/\/fixar.ca\/en\/wp-json\/wp\/v2\/pages\/2390","targetHints":{"allow":["GET"]}}],"collection":[{"href":"https:\/\/fixar.ca\/en\/wp-json\/wp\/v2\/pages"}],"about":[{"href":"https:\/\/fixar.ca\/en\/wp-json\/wp\/v2\/types\/page"}],"author":[{"embeddable":true,"href":"https:\/\/fixar.ca\/en\/wp-json\/wp\/v2\/users\/1"}],"replies":[{"embeddable":true,"href":"https:\/\/fixar.ca\/en\/wp-json\/wp\/v2\/comments?post=2390"}],"version-history":[{"count":20,"href":"https:\/\/fixar.ca\/en\/wp-json\/wp\/v2\/pages\/2390\/revisions"}],"predecessor-version":[{"id":2660,"href":"https:\/\/fixar.ca\/en\/wp-json\/wp\/v2\/pages\/2390\/revisions\/2660"}],"wp:attachment":[{"href":"https:\/\/fixar.ca\/en\/wp-json\/wp\/v2\/media?parent=2390"}],"curies":[{"name":"wp","href":"https:\/\/api.w.org\/{rel}","templated":true}]}}